{"id":93,"date":"2023-03-21T09:11:19","date_gmt":"2023-03-21T09:11:19","guid":{"rendered":"https:\/\/viimagic.com\/?page_id=93"},"modified":"2025-09-19T07:48:08","modified_gmt":"2025-09-19T07:48:08","slug":"impressum","status":"publish","type":"page","link":"https:\/\/viimagic.com\/?page_id=93","title":{"rendered":"Impressum"},"content":{"rendered":"\n<p class=\"has-text-align-center\">viimagic GmbH<\/p>\n\n\n\n<p class=\"has-text-align-center\">Leipziger Stra\u00dfe 31<\/p>\n\n\n\n<p class=\"has-text-align-center\">D-09648 Mittweida<\/p>\n\n\n\n<p class=\"has-text-align-center\">viimagic GmbH<\/p>\n\n\n\n<p class=\"has-text-align-center\">Tel. +49 (0)351 888 121-87<\/p>\n\n\n\n<p class=\"has-text-align-center\">Fax +49 (0)351 888 121-89<\/p>\n\n\n\n<p class=\"has-text-align-center\"><a href=\"mailto:info@viimagic.com\">info@viimagic.com<\/a><\/p>\n\n\n\n<p class=\"has-text-align-center\">Gesch\u00e4ftsf\u00fchrer: Roland Mielke<\/p>\n\n\n\n<p class=\"has-text-align-center\">Handelsregister: HRB 35900 Amtsgericht Chemnitz<\/p>\n\n\n\n<p class=\"has-text-align-center\">Umsatzsteuer-Id.-Nr.: DE268186219<\/p>\n","protected":false},"excerpt":{"rendered":"<p>viimagic GmbH Leipziger Stra\u00dfe 31 D-09648 Mittweida viimagic GmbH Tel. +49 (0)351 888 121-87 Fax +49 (0)351 888 121-89 info@viimagic.com Gesch\u00e4ftsf\u00fchrer: Roland Mielke Handelsregister: HRB 35900 Amtsgericht Chemnitz Umsatzsteuer-Id.-Nr.: DE268186219<\/p>\n","protected":false},"author":1,"featured_media":0,"parent":0,"menu_order":0,"comment_status":"closed","ping_status":"closed","template":"","meta":{"footnotes":""},"class_list":["post-93","page","type-page","status-publish","hentry"],"_links":{"self":[{"href":"https:\/\/viimagic.com\/index.php?rest_route=\/wp\/v2\/pages\/93","targetHints":{"allow":["GET"]}}],"collection":[{"href":"https:\/\/viimagic.com\/index.php?rest_route=\/wp\/v2\/pages"}],"about":[{"href":"https:\/\/viimagic.com\/index.php?rest_route=\/wp\/v2\/types\/page"}],"author":[{"embeddable":true,"href":"https:\/\/viimagic.com\/index.php?rest_route=\/wp\/v2\/users\/1"}],"replies":[{"embeddable":true,"href":"https:\/\/viimagic.com\/index.php?rest_route=%2Fwp%2Fv2%2Fcomments&post=93"}],"version-history":[{"count":7,"href":"https:\/\/viimagic.com\/index.php?rest_route=\/wp\/v2\/pages\/93\/revisions"}],"predecessor-version":[{"id":144,"href":"https:\/\/viimagic.com\/index.php?rest_route=\/wp\/v2\/pages\/93\/revisions\/144"}],"wp:attachment":[{"href":"https:\/\/viimagic.com\/index.php?rest_route=%2Fwp%2Fv2%2Fmedia&parent=93"}],"curies":[{"name":"wp","href":"https:\/\/api.w.org\/{rel}","templated":true}]}}